{"id":204,"date":"2020-11-02T18:01:54","date_gmt":"2020-11-02T18:01:54","guid":{"rendered":"https:\/\/demo.divi-pixel.com\/bistro\/menu-copy\/"},"modified":"2025-08-30T06:56:10","modified_gmt":"2025-08-30T06:56:10","slug":"our-team","status":"publish","type":"page","link":"https:\/\/bomkitchen.com\/eng\/our-team\/","title":{"rendered":"Our Team"},"content":{"rendered":"<p>[et_pb_section fb_built=&#8221;1&#8243; fullwidth=&#8221;on&#8221; _builder_version=&#8221;4.27.0&#8243; _module_preset=&#8221;default&#8221; global_colors_info=&#8221;{}&#8221;][et_pb_fullwidth_header title=&#8221;NGUY\u1ec4N NH\u01af TH\u1ea0NH&#8221; subhead=&#8221;Executive Chef&#8221; content_max_width=&#8221;60%&#8221; content_tablet=&#8221;<\/p>\n<p>Kh\u1edfi \u0111\u1ea7u t\u1eeb ni\u1ec1m \u0111am m\u00ea m\u00e3nh li\u1ec7t v\u1edbi \u1ea9m th\u1ef1c t\u1eeb khi c\u00f2n tr\u1ebb, s\u1ef1 nghi\u1ec7p c\u1ee7a anh trong ng\u00e0nh \u1ea9m th\u1ef1c \u0111\u00e3 v\u01b0\u01a1n xa su\u1ed1t 14 n\u0103m qua. B\u00e9n duy\u00ean v\u1edbi ngh\u1ec1 t\u1eeb m\u1ed9t nh\u00e0 h\u00e0ng Nh\u1eadt B\u1ea3n, anh kh\u00f4ng ng\u1eebng ph\u00e1t tri\u1ec3n b\u1ea3n th\u00e2n qua nh\u1eefng v\u1ecb tr\u00ed quan tr\u1ecdng t\u1ea1i c\u00e1c nh\u00e0 h\u00e0ng v\u00e0 kh\u00e1ch s\u1ea1n sang tr\u1ecdng c\u1ea3 trong v\u00e0 ngo\u00e0i n\u01b0\u1edbc. V\u1edbi ki\u1ebfn th\u1ee9c t\u00edch lu\u1ef9 c\u00f9ng k\u1ef9 thu\u1eadt n\u1ea5u n\u01b0\u1edbng hi\u1ec7n \u0111\u1ea1i, anh \u0111\u00e3 kh\u00e9o l\u00e9o k\u1ebft h\u1ee3p c\u00e1c m\u00f3n \u0103n \u0111\u1eb7c tr\u01b0ng to\u00e0n c\u1ea7u v\u00e0 h\u01b0\u01a1ng v\u1ecb \u0111\u1eb7c s\u1eafc c\u1ee7a t\u1eebng v\u00f9ng mi\u1ec1n Vi\u1ec7t Nam. Nh\u1edd \u0111\u00f3, anh c\u00f9ng B\u1eddm Kitchen &#038; Wine Bar \u0111\u00e3 vinh d\u1ef1 ch\u1ea1m t\u1edbi gi\u1ea3i th\u01b0\u1edfng danh gi\u00e1 Michelin Selected trong 2 n\u0103m li\u00ean ti\u1ebfp, 2023 v\u00e0 2024<\/p>\n<p>&#8221; content_last_edited=&#8221;off|tablet&#8221; content_max_width_tablet=&#8221;60%&#8221; content_max_width_phone=&#8221;80%&#8221; content_max_width_last_edited=&#8221;on|phone&#8221; _builder_version=&#8221;4.27.0&#8243; _module_preset=&#8221;default&#8221; title_font=&#8221;Header- Bom||||||||&#8221; content_font=&#8221;Bom Body Light||||||||&#8221; content_text_color=&#8221;#FFFFFF&#8221; content_line_height=&#8221;1.7em&#8221; subhead_font=&#8221;&#8211;et_global_heading_font||on||||||&#8221; subhead_text_color=&#8221;#DDD6CB&#8221; subhead_font_size=&#8221;22px&#8221; subhead_letter_spacing=&#8221;1px&#8221; subhead_line_height=&#8221;1.7em&#8221; background_image=&#8221;https:\/\/bomkitchen.com\/wp-content\/uploads\/2024\/07\/Copy-of-20231122_BOM_CHEF_THANH_5.png&#8221; min_height=&#8221;700px&#8221; min_height_tablet=&#8221;700px&#8221; min_height_phone=&#8221;300px&#8221; min_height_last_edited=&#8221;on|phone&#8221; custom_margin=&#8221;||||false|false&#8221; custom_margin_tablet=&#8221;100px||||false|false&#8221; custom_margin_phone=&#8221;70px|||-20px|false|false&#8221; custom_margin_last_edited=&#8221;on|tablet&#8221; custom_padding=&#8221;||||false|false&#8221; title_font_size_tablet=&#8221;26px&#8221; title_font_size_phone=&#8221;20px&#8221; title_font_size_last_edited=&#8221;on|desktop&#8221; content_font_size_tablet=&#8221;&#8221; content_font_size_phone=&#8221;12px&#8221; content_font_size_last_edited=&#8221;on|phone&#8221; content_line_height_tablet=&#8221;1.7em&#8221; content_line_height_phone=&#8221;1.7em&#8221; content_line_height_last_edited=&#8221;on|desktop&#8221; subhead_font_size_tablet=&#8221;22px&#8221; subhead_font_size_phone=&#8221;18px&#8221; subhead_font_size_last_edited=&#8221;on|phone&#8221; background_last_edited=&#8221;on|desktop&#8221; background_enable_color_tablet=&#8221;off&#8221; background_size_tablet=&#8221;cover&#8221; background_position_tablet=&#8221;top_right&#8221; global_colors_info=&#8221;{}&#8221;]<\/p>\n<p>With a passion for gastronomy ignited from a young age, Chef Nguy\u1ec5n Nh\u01b0 Th\u1ea1nh has cultivated a 14-year journey in the culinary arts. Starting his career at a Japanese restaurant, he grew through pivotal roles in prestigious restaurants and luxury hotels in Vietnam and abroad.\nArmed with years of expertise and modern cooking techniques, Chef Th\u1ea1nh skillfully combines global culinary elements with the distinctive flavors of Vietnam\u2019s diverse regions. His efforts have earned B\u1eddm Kitchen &amp; Wine Bar the prestigious Michelin Selected recognition for two consecutive years, 2023 and 2024.<\/p>\n<p>[\/et_pb_fullwidth_header][\/et_pb_section]<\/p>","protected":false},"excerpt":{"rendered":"<p>Kh\u1edfi \u0111\u1ea7u t\u1eeb ni\u1ec1m \u0111am m\u00ea m\u00e3nh li\u1ec7t v\u1edbi \u1ea9m th\u1ef1c t\u1eeb khi c\u00f2n tr\u1ebb, s\u1ef1 nghi\u1ec7p c\u1ee7a anh trong ng\u00e0nh \u1ea9m th\u1ef1c \u0111\u00e3 v\u01b0\u01a1n xa su\u1ed1t 14 n\u0103m qua. B\u00e9n duy\u00ean v\u1edbi ngh\u1ec1 t\u1eeb m\u1ed9t nh\u00e0 h\u00e0ng Nh\u1eadt B\u1ea3n, anh kh\u00f4ng ng\u1eebng ph\u00e1t tri\u1ec3n b\u1ea3n th\u00e2n qua nh\u1eefng v\u1ecb tr\u00ed quan tr\u1ecdng t\u1ea1i c\u00e1c [&hellip;]<\/p>","protected":false},"author":1,"featured_media":0,"parent":0,"menu_order":0,"comment_status":"closed","ping_status":"closed","template":"","meta":{"_et_pb_use_builder":"on","_et_pb_old_content":"","_et_gb_content_width":"","footnotes":""},"class_list":["post-204","page","type-page","status-publish","hentry"],"yoast_head":"<!-- This site is optimized with the Yoast SEO plugin v26.0 - https:\/\/yoast.com\/wordpress\/plugins\/seo\/ -->\n<title>Our Team - B\u1eddm - Hospitality<\/title>\n<meta name=\"robots\" content=\"index, follow, max-snippet:-1, max-image-preview:large, max-video-preview:-1\" \/>\n<link rel=\"canonical\" href=\"https:\/\/bomkitchen.com\/eng\/our-team\/\" \/>\n<meta property=\"og:locale\" content=\"en_US\" \/>\n<meta property=\"og:type\" content=\"article\" \/>\n<meta property=\"og:title\" content=\"Our Team - B\u1eddm - Hospitality\" \/>\n<meta property=\"og:description\" content=\"Kh\u1edfi \u0111\u1ea7u t\u1eeb ni\u1ec1m \u0111am m\u00ea m\u00e3nh li\u1ec7t v\u1edbi \u1ea9m th\u1ef1c t\u1eeb khi c\u00f2n tr\u1ebb, s\u1ef1 nghi\u1ec7p c\u1ee7a anh trong ng\u00e0nh \u1ea9m th\u1ef1c \u0111\u00e3 v\u01b0\u01a1n xa su\u1ed1t 14 n\u0103m qua. B\u00e9n duy\u00ean v\u1edbi ngh\u1ec1 t\u1eeb m\u1ed9t nh\u00e0 h\u00e0ng Nh\u1eadt B\u1ea3n, anh kh\u00f4ng ng\u1eebng ph\u00e1t tri\u1ec3n b\u1ea3n th\u00e2n qua nh\u1eefng v\u1ecb tr\u00ed quan tr\u1ecdng t\u1ea1i c\u00e1c [&hellip;]\" \/>\n<meta property=\"og:url\" content=\"https:\/\/bomkitchen.com\/eng\/our-team\/\" \/>\n<meta property=\"og:site_name\" content=\"B\u1eddm - Hospitality\" \/>\n<meta property=\"article:publisher\" content=\"https:\/\/www.facebook.com\/bom.kitchen.winebar\" \/>\n<meta property=\"article:modified_time\" content=\"2025-08-30T06:56:10+00:00\" \/>\n<meta name=\"twitter:card\" content=\"summary_large_image\" \/>\n<meta name=\"twitter:label1\" content=\"Est. reading time\" \/>\n\t<meta name=\"twitter:data1\" content=\"3 minutes\" \/>\n<script type=\"application\/ld+json\" class=\"yoast-schema-graph\">{\"@context\":\"https:\/\/schema.org\",\"@graph\":[{\"@type\":\"WebPage\",\"@id\":\"https:\/\/bomkitchen.com\/our-team\/\",\"url\":\"https:\/\/bomkitchen.com\/our-team\/\",\"name\":\"Our Team - B\u1eddm - Hospitality\",\"isPartOf\":{\"@id\":\"https:\/\/bomkitchen.com\/#website\"},\"datePublished\":\"2020-11-02T18:01:54+00:00\",\"dateModified\":\"2025-08-30T06:56:10+00:00\",\"breadcrumb\":{\"@id\":\"https:\/\/bomkitchen.com\/our-team\/#breadcrumb\"},\"inLanguage\":\"en-US\",\"potentialAction\":[{\"@type\":\"ReadAction\",\"target\":[\"https:\/\/bomkitchen.com\/our-team\/\"]}]},{\"@type\":\"BreadcrumbList\",\"@id\":\"https:\/\/bomkitchen.com\/our-team\/#breadcrumb\",\"itemListElement\":[{\"@type\":\"ListItem\",\"position\":1,\"name\":\"Home\",\"item\":\"https:\/\/bomkitchen.com\/\"},{\"@type\":\"ListItem\",\"position\":2,\"name\":\"Our Team\"}]},{\"@type\":\"WebSite\",\"@id\":\"https:\/\/bomkitchen.com\/#website\",\"url\":\"https:\/\/bomkitchen.com\/\",\"name\":\"B\u1eddm - Hospitality\",\"description\":\"\",\"publisher\":{\"@id\":\"https:\/\/bomkitchen.com\/#organization\"},\"potentialAction\":[{\"@type\":\"SearchAction\",\"target\":{\"@type\":\"EntryPoint\",\"urlTemplate\":\"https:\/\/bomkitchen.com\/?s={search_term_string}\"},\"query-input\":{\"@type\":\"PropertyValueSpecification\",\"valueRequired\":true,\"valueName\":\"search_term_string\"}}],\"inLanguage\":\"en-US\"},{\"@type\":\"Organization\",\"@id\":\"https:\/\/bomkitchen.com\/#organization\",\"name\":\"B\u1eddm - Hospitality\",\"url\":\"https:\/\/bomkitchen.com\/\",\"logo\":{\"@type\":\"ImageObject\",\"inLanguage\":\"en-US\",\"@id\":\"https:\/\/bomkitchen.com\/#\/schema\/logo\/image\/\",\"url\":\"https:\/\/bomkitchen.com\/wp-content\/uploads\/2024\/08\/bologo2708-02.png\",\"contentUrl\":\"https:\/\/bomkitchen.com\/wp-content\/uploads\/2024\/08\/bologo2708-02.png\",\"width\":413,\"height\":159,\"caption\":\"B\u1eddm - Hospitality\"},\"image\":{\"@id\":\"https:\/\/bomkitchen.com\/#\/schema\/logo\/image\/\"},\"sameAs\":[\"https:\/\/www.facebook.com\/bom.kitchen.winebar\"]}]}<\/script>\n<!-- \/ Yoast SEO plugin. -->","yoast_head_json":{"title":"Our Team - B\u1eddm - Hospitality","robots":{"index":"index","follow":"follow","max-snippet":"max-snippet:-1","max-image-preview":"max-image-preview:large","max-video-preview":"max-video-preview:-1"},"canonical":"https:\/\/bomkitchen.com\/eng\/our-team\/","og_locale":"en_US","og_type":"article","og_title":"Our Team - B\u1eddm - Hospitality","og_description":"Kh\u1edfi \u0111\u1ea7u t\u1eeb ni\u1ec1m \u0111am m\u00ea m\u00e3nh li\u1ec7t v\u1edbi \u1ea9m th\u1ef1c t\u1eeb khi c\u00f2n tr\u1ebb, s\u1ef1 nghi\u1ec7p c\u1ee7a anh trong ng\u00e0nh \u1ea9m th\u1ef1c \u0111\u00e3 v\u01b0\u01a1n xa su\u1ed1t 14 n\u0103m qua. B\u00e9n duy\u00ean v\u1edbi ngh\u1ec1 t\u1eeb m\u1ed9t nh\u00e0 h\u00e0ng Nh\u1eadt B\u1ea3n, anh kh\u00f4ng ng\u1eebng ph\u00e1t tri\u1ec3n b\u1ea3n th\u00e2n qua nh\u1eefng v\u1ecb tr\u00ed quan tr\u1ecdng t\u1ea1i c\u00e1c [&hellip;]","og_url":"https:\/\/bomkitchen.com\/eng\/our-team\/","og_site_name":"B\u1eddm - Hospitality","article_publisher":"https:\/\/www.facebook.com\/bom.kitchen.winebar","article_modified_time":"2025-08-30T06:56:10+00:00","twitter_card":"summary_large_image","twitter_misc":{"Est. reading time":"3 minutes"},"schema":{"@context":"https:\/\/schema.org","@graph":[{"@type":"WebPage","@id":"https:\/\/bomkitchen.com\/our-team\/","url":"https:\/\/bomkitchen.com\/our-team\/","name":"Our Team - B\u1eddm - Hospitality","isPartOf":{"@id":"https:\/\/bomkitchen.com\/#website"},"datePublished":"2020-11-02T18:01:54+00:00","dateModified":"2025-08-30T06:56:10+00:00","breadcrumb":{"@id":"https:\/\/bomkitchen.com\/our-team\/#breadcrumb"},"inLanguage":"en-US","potentialAction":[{"@type":"ReadAction","target":["https:\/\/bomkitchen.com\/our-team\/"]}]},{"@type":"BreadcrumbList","@id":"https:\/\/bomkitchen.com\/our-team\/#breadcrumb","itemListElement":[{"@type":"ListItem","position":1,"name":"Home","item":"https:\/\/bomkitchen.com\/"},{"@type":"ListItem","position":2,"name":"Our Team"}]},{"@type":"WebSite","@id":"https:\/\/bomkitchen.com\/#website","url":"https:\/\/bomkitchen.com\/","name":"B\u1eddm - Hospitality","description":"","publisher":{"@id":"https:\/\/bomkitchen.com\/#organization"},"potentialAction":[{"@type":"SearchAction","target":{"@type":"EntryPoint","urlTemplate":"https:\/\/bomkitchen.com\/?s={search_term_string}"},"query-input":{"@type":"PropertyValueSpecification","valueRequired":true,"valueName":"search_term_string"}}],"inLanguage":"en-US"},{"@type":"Organization","@id":"https:\/\/bomkitchen.com\/#organization","name":"B\u1eddm - Hospitality","url":"https:\/\/bomkitchen.com\/","logo":{"@type":"ImageObject","inLanguage":"en-US","@id":"https:\/\/bomkitchen.com\/#\/schema\/logo\/image\/","url":"https:\/\/bomkitchen.com\/wp-content\/uploads\/2024\/08\/bologo2708-02.png","contentUrl":"https:\/\/bomkitchen.com\/wp-content\/uploads\/2024\/08\/bologo2708-02.png","width":413,"height":159,"caption":"B\u1eddm - Hospitality"},"image":{"@id":"https:\/\/bomkitchen.com\/#\/schema\/logo\/image\/"},"sameAs":["https:\/\/www.facebook.com\/bom.kitchen.winebar"]}]}},"_links":{"self":[{"href":"https:\/\/bomkitchen.com\/eng\/wp-json\/wp\/v2\/pages\/204","targetHints":{"allow":["GET"]}}],"collection":[{"href":"https:\/\/bomkitchen.com\/eng\/wp-json\/wp\/v2\/pages"}],"about":[{"href":"https:\/\/bomkitchen.com\/eng\/wp-json\/wp\/v2\/types\/page"}],"author":[{"embeddable":true,"href":"https:\/\/bomkitchen.com\/eng\/wp-json\/wp\/v2\/users\/1"}],"replies":[{"embeddable":true,"href":"https:\/\/bomkitchen.com\/eng\/wp-json\/wp\/v2\/comments?post=204"}],"version-history":[{"count":24,"href":"https:\/\/bomkitchen.com\/eng\/wp-json\/wp\/v2\/pages\/204\/revisions"}],"predecessor-version":[{"id":26041349,"href":"https:\/\/bomkitchen.com\/eng\/wp-json\/wp\/v2\/pages\/204\/revisions\/26041349"}],"wp:attachment":[{"href":"https:\/\/bomkitchen.com\/eng\/wp-json\/wp\/v2\/media?parent=204"}],"curies":[{"name":"wp","href":"https:\/\/api.w.org\/{rel}","templated":true}]}}