{"id":506,"date":"2020-10-27T18:12:46","date_gmt":"2020-10-27T18:12:46","guid":{"rendered":"https:\/\/demo.divi-pixel.com\/bistro\/?page_id=2"},"modified":"2025-08-30T06:45:37","modified_gmt":"2025-08-30T06:45:37","slug":"homepage","status":"publish","type":"page","link":"https:\/\/bomkitchen.com\/eng\/","title":{"rendered":"Homepage"},"content":{"rendered":"<p>[et_pb_section fb_built=&#8221;1&#8243; custom_padding_last_edited=&#8221;on|phone&#8221; _builder_version=&#8221;4.27.0&#8243; _module_preset=&#8221;default&#8221; background_color=&#8221;#DDD6CB&#8221; custom_margin=&#8221;||||false|false&#8221; custom_padding=&#8221;0px||0px||true|false&#8221; custom_padding_tablet=&#8221;0px||0px||true|false&#8221; custom_padding_phone=&#8221;||0px||false|false&#8221; global_colors_info=&#8221;{}&#8221;][et_pb_row column_structure=&#8221;3_5,2_5&#8243; _builder_version=&#8221;4.27.0&#8243; _module_preset=&#8221;default&#8221; width=&#8221;100%&#8221; width_tablet=&#8221;100%&#8221; width_phone=&#8221;96%&#8221; width_last_edited=&#8221;on|phone&#8221; custom_padding=&#8221;0px||0px||true|false&#8221; locked=&#8221;off&#8221; global_colors_info=&#8221;{}&#8221;][et_pb_column type=&#8221;3_5&#8243; disabled_on=&#8221;off|off|off&#8221; _builder_version=&#8221;4.27.0&#8243; _module_preset=&#8221;default&#8221; global_colors_info=&#8221;{}&#8221;][dipi_image_gallery use_float_thumbs=&#8221;on&#8221; float_pho=&#8221;on&#8221; float_hz_placement_pho=&#8221;center&#8221; thumbs_centered=&#8221;off&#8221; thumbs_loop=&#8221;off&#8221; thumbs_container_padding=&#8221;||||false|false&#8221; main_autoplay=&#8221;on&#8221; pause_on_hover=&#8221;on&#8221; main_slider_animation=&#8221;fade&#8221; thumbs_count_tablet=&#8221;&#8221; thumbs_count_phone=&#8221;3&#8243; thumbs_count_last_edited=&#8221;on|desktop&#8221; thumb_height_tablet=&#8221;150px&#8221; thumb_height_phone=&#8221;70px&#8221; thumb_height_last_edited=&#8221;on|phone&#8221; thumb_horizontal_width_tablet=&#8221;&#8221; thumb_horizontal_width_phone=&#8221;&#8221; thumb_horizontal_width_last_edited=&#8221;on|desktop&#8221; _builder_version=&#8221;4.27.0&#8243; _module_preset=&#8221;default&#8221; min_height=&#8221;794px&#8221; min_height_tablet=&#8221;641px&#8221; min_height_phone=&#8221;441px&#8221; min_height_last_edited=&#8221;on|desktop&#8221; custom_margin=&#8221;||||false|false&#8221; custom_padding=&#8221;||||false|false&#8221; global_colors_info=&#8221;{}&#8221;][dipi_image_gallery_child item_image=&#8221;https:\/\/bomkitchen.com\/wp-content\/uploads\/2024\/08\/2.jpg&#8221; _builder_version=&#8221;4.27.0&#8243; _module_preset=&#8221;default&#8221; global_colors_info=&#8221;{}&#8221;][\/dipi_image_gallery_child][dipi_image_gallery_child item_image=&#8221;https:\/\/bomkitchen.com\/wp-content\/uploads\/2024\/08\/3.jpg&#8221; _builder_version=&#8221;4.27.0&#8243; _module_preset=&#8221;default&#8221; global_colors_info=&#8221;{}&#8221;][\/dipi_image_gallery_child][dipi_image_gallery_child item_image=&#8221;https:\/\/bomkitchen.com\/wp-content\/uploads\/2024\/08\/4.jpg&#8221; _builder_version=&#8221;4.27.0&#8243; _module_preset=&#8221;default&#8221; global_colors_info=&#8221;{}&#8221;][\/dipi_image_gallery_child][dipi_image_gallery_child item_image=&#8221;https:\/\/bomkitchen.com\/wp-content\/uploads\/2024\/08\/1.jpg&#8221; _builder_version=&#8221;4.27.0&#8243; _module_preset=&#8221;default&#8221; global_colors_info=&#8221;{}&#8221;][\/dipi_image_gallery_child][dipi_image_gallery_child item_image=&#8221;https:\/\/bomkitchen.com\/wp-content\/uploads\/2024\/08\/6.jpg&#8221; _builder_version=&#8221;4.27.0&#8243; _module_preset=&#8221;default&#8221; global_colors_info=&#8221;{}&#8221;][\/dipi_image_gallery_child][\/dipi_image_gallery][\/et_pb_column][et_pb_column type=&#8221;2_5&#8243; _builder_version=&#8221;4.27.0&#8243; _module_preset=&#8221;default&#8221; custom_padding=&#8221;70px|60px||10px|false|false&#8221; custom_padding_tablet=&#8221;70px|60px||10px|false|false&#8221; custom_padding_phone=&#8221;0px|10px||10px|false|true&#8221; custom_padding_last_edited=&#8221;on|phone&#8221; global_colors_info=&#8221;{}&#8221;][et_pb_image src=&#8221;https:\/\/bomkitchen.com\/wp-content\/uploads\/2024\/08\/444.png&#8221; title_text=&#8221;444&#8243; _builder_version=&#8221;4.27.0&#8243; _module_preset=&#8221;default&#8221; width=&#8221;34%&#8221; width_tablet=&#8221;34%&#8221; width_phone=&#8221;100%&#8221; width_last_edited=&#8221;on|desktop&#8221; custom_margin=&#8221;||15px|||&#8221; custom_padding=&#8221;40px||||false|false&#8221; locked=&#8221;off&#8221; global_colors_info=&#8221;{}&#8221;][\/et_pb_image][et_pb_text _builder_version=&#8221;4.27.0&#8243; _module_preset=&#8221;default&#8221; custom_padding=&#8221;||||false|false&#8221; global_colors_info=&#8221;{}&#8221;]<\/p>\n<p><span style=\"font-weight: 400;\">As part of the B\u1eddm Hospitality restaurant group, B\u1eddm Kitchen &amp; Wine Bar draws inspiration from the iconic character in Vietnamese folklore, delivering a message of connection between people and culture through the lens of modern cuisine. B\u1eddm is more than just a restaurant - it is a bridge that brings cultures closer together through the universal language of food.\n\nPioneering Vietnamese fusion cuisine, we take pride in offering vibrant culinary experiences to both locals and international guests. Join B\u1eddm on a journey to explore the harmonious blend of global flavors and immerse yourself in a magnificent culinary adventure! <\/span><span style=\"font-weight: 400;\">B\u1eddm kh\u00f4ng ch\u1ec9 l\u00e0 m\u1ed9t nh\u00e0 h\u00e0ng, m\u00e0 c\u00f2n l\u00e0 ng\u01b0\u1eddi k\u1ebft n\u1ed1i gi\u00fap c\u00e1c n\u1ec1n v\u0103n ho\u00e1 x\u00edch l\u1ea1i g\u1ea7n nhau h\u01a1n th\u00f4ng qua ng\u00f4n ng\u1eef c\u1ee7a \u1ea9m th\u1ef1c. T\u1ef1 h\u00e0o l\u00e0 m\u1ed9t trong nh\u1eefng ng\u01b0\u1eddi ti\u00ean phong v\u1ec1 \u1ea9m th\u1ef1c Vi\u1ec7t fusion, ch\u00fang t\u00f4i mang \u0111\u1ebfn nhi\u1ec1u tr\u1ea3i nghi\u1ec7m \u1ea9m th\u1ef1c \u0111\u1ea7y m\u00e0u s\u1eafc cho ng\u01b0\u1eddi Vi\u1ec7t c\u0169ng nh\u01b0 b\u1ea1n b\u00e8 qu\u1ed1c t\u1ebf. <\/span><span style=\"font-weight: 400;\">H\u00e3y c\u00f9ng B\u1eddm kh\u00e1m ph\u00e1 s\u1ef1 h\u00f2a quy\u1ec7n c\u1ee7a c\u00e1c h\u01b0\u01a1ng v\u1ecb tr\u00ean kh\u1eafp th\u1ebf gi\u1edbi v\u00e0 h\u00f2a m\u00ecnh v\u00e0o m\u1ed9t h\u00e0nh tr\u00ecnh \u1ea9m th\u1ef1c giao l\u01b0u k\u1ef3 v\u0129!<\/span><\/p>\n<p>[\/et_pb_text][et_pb_button button_url=&#8221;tel:0823999980&#8243; button_text=&#8221;HOTLINE&#8221; button_alignment_tablet=&#8221;center&#8221; button_alignment_phone=&#8221;center&#8221; button_alignment_last_edited=&#8221;on|desktop&#8221; _builder_version=&#8221;4.27.0&#8243; _module_preset=&#8221;default&#8221; custom_button=&#8221;on&#8221; button_bg_color=&#8221;#DDD6CB&#8221; button_border_width=&#8221;1px&#8221; button_border_color=&#8221;#382F24&#8243; button_font=&#8221;Header- Bom||||||||&#8221; button_use_icon=&#8221;off&#8221; box_shadow_style=&#8221;preset3&#8243; box_shadow_vertical=&#8221;0px&#8221; box_shadow_blur=&#8221;5px&#8221; box_shadow_spread=&#8221;0px&#8221; global_colors_info=&#8221;{}&#8221;][\/et_pb_button][\/et_pb_column][\/et_pb_row][\/et_pb_section][et_pb_section fb_built=&#8221;1&#8243; admin_label=&#8221;Image Slider&#8221; _builder_version=&#8221;4.27.0&#8243; _module_preset=&#8221;default&#8221; background_color=&#8221;RGBA(255,255,255,0)&#8221; max_width=&#8221;100%&#8221; module_alignment=&#8221;center&#8221; custom_padding=&#8221;0px||0px|||&#8221; collapsed=&#8221;on&#8221; global_colors_info=&#8221;{}&#8221;][et_pb_row _builder_version=&#8221;4.27.0&#8243; _module_preset=&#8221;default&#8221; background_color=&#8221;RGBA(255,255,255,0)&#8221; width=&#8221;100%&#8221; module_alignment=&#8221;center&#8221; custom_margin=&#8221;10px||||false|false&#8221; custom_padding=&#8221;0px||0px||true|false&#8221; global_colors_info=&#8221;{}&#8221;][et_pb_column type=&#8221;4_4&#8243; _builder_version=&#8221;4.16&#8243; _module_preset=&#8221;default&#8221; global_colors_info=&#8221;{}&#8221;][et_pb_slider _builder_version=&#8221;4.27.0&#8243; _module_preset=&#8221;default&#8221; content_width_last_edited=&#8221;off|desktop&#8221; min_height=&#8221;700px&#8221; min_height_tablet=&#8221;400px&#8221; min_height_phone=&#8221;200px&#8221; min_height_last_edited=&#8221;on|phone&#8221; auto=&#8221;on&#8221; auto_speed=&#8221;5000&#8243; auto_ignore_hover=&#8221;on&#8221; global_colors_info=&#8221;{}&#8221;][et_pb_slide _builder_version=&#8221;4.27.0&#8243; _module_preset=&#8221;default&#8221; background_image=&#8221;https:\/\/bomkitchen.com\/wp-content\/uploads\/2024\/08\/29A-1.png&#8221; background_enable_image=&#8221;on&#8221; global_colors_info=&#8221;{}&#8221; sticky_transition=&#8221;on&#8221;][\/et_pb_slide][et_pb_slide _builder_version=&#8221;4.27.0&#8243; _module_preset=&#8221;default&#8221; background_image=&#8221;https:\/\/bomkitchen.com\/wp-content\/uploads\/2024\/09\/29B-1.jpg&#8221; background_enable_image=&#8221;on&#8221; global_colors_info=&#8221;{}&#8221; sticky_transition=&#8221;on&#8221;][\/et_pb_slide][\/et_pb_slider][\/et_pb_column][\/et_pb_row][\/et_pb_section][et_pb_section fb_built=&#8221;1&#8243; _builder_version=&#8221;4.27.0&#8243; _module_preset=&#8221;default&#8221; background_color=&#8221;rgba(255,255,255,0)&#8221; global_colors_info=&#8221;{}&#8221;][et_pb_row column_structure=&#8221;3_5,2_5&#8243; _builder_version=&#8221;4.27.0&#8243; _module_preset=&#8221;default&#8221; width=&#8221;90%&#8221; width_tablet=&#8221;90%&#8221; width_phone=&#8221;100%&#8221; width_last_edited=&#8221;on|phone&#8221; global_colors_info=&#8221;{}&#8221;][et_pb_column type=&#8221;3_5&#8243; _builder_version=&#8221;4.27.0&#8243; _module_preset=&#8221;default&#8221; global_colors_info=&#8221;{}&#8221;][et_pb_code _builder_version=&#8221;4.27.0&#8243; _module_preset=&#8221;default&#8221; custom_margin=&#8221;100px||||false|false&#8221; custom_margin_tablet=&#8221;20px||||false|false&#8221; custom_margin_phone=&#8221;20px||||false|false&#8221; custom_margin_last_edited=&#8221;on|tablet&#8221; locked=&#8221;off&#8221; global_colors_info=&#8221;{}&#8221;]<video autoplay muted playsinline loop><!-- [et_pb_line_break_holder] --><source src=\"https:\/\/bomkitchen.com\/wp-content\/uploads\/2024\/07\/bom-intro.mp4\" type=\"video\/mp4\" \/><!-- [et_pb_line_break_holder] --><\/video>[\/et_pb_code][\/et_pb_column][et_pb_column type=&#8221;2_5&#8243; _builder_version=&#8221;4.27.0&#8243; _module_preset=&#8221;default&#8221; global_colors_info=&#8221;{}&#8221;][et_pb_text _builder_version=&#8221;4.27.0&#8243; _module_preset=&#8221;default&#8221; header_2_font=&#8221;Header- Bom|300|||||||&#8221; header_2_font_size=&#8221;36px&#8221; custom_margin=&#8221;||4px|||&#8221; locked=&#8221;off&#8221; global_colors_info=&#8221;{}&#8221;]<\/p>\n<h2 style=\"text-align: center;\"><strong>\u0110\u1eb6T B\u00c0N<\/strong><\/h2>\n<p>[\/et_pb_text][et_pb_code _builder_version=&#8221;4.27.0&#8243; _module_preset=&#8221;default&#8221; min_height=&#8221;550px&#8221; custom_margin=&#8221;||5px|||&#8221; locked=&#8221;off&#8221; global_colors_info=&#8221;{}&#8221;]<iframe src=\"https:\/\/online.speedtech.vn\/Reservation\/Booking?c=122&#038;s=1&#038;n=16&#038;iframe=1\"\" style=\"<!-- [et_pb_line_break_holder] -->    width: 100%;<!-- [et_pb_line_break_holder] -->    height: 550px;<!-- [et_pb_line_break_holder] -->    margin-top: 0px;<!-- [et_pb_line_break_holder] -->&#8220;><\/ifram[\/et_pb_code][\/et_pb_column][\/et_pb_row][\/et_pb_section][et_pb_section fb_built=\"1\" _builder_version=\"4.27.0\" _module_preset=\"default\" background_color=\"RGBA(255,255,255,0)\" custom_padding=\"0px|||||\" global_colors_info=\"{}\"][et_pb_row disabled_on=\"off|off|off\" width_tablet=\"\" width_phone=\"96%\" width_last_edited=\"on|phone\" ][et_pb_column type=\"4_4\" ][dipi_divider content_text=\"KH\u00d4NG GIAN\"divider_layout =\"column\" first_decoration_style=\"empty\" first_decoration_width=\"200px\" use_custom_second_decoration=\"on\" second_decoration_line_color=\"#887E6D\"second_line_weight =\"7px\" use_custom_second_decoration_advanced_styling=\"on\" first_decoration_icon_size_tablet=\"41px\" first_decoration_icon_size_phone=\"36px\" first_decoration_icon_size_last_edited=\"on|phone\" first_decoration_width_tablet=\"200px\" first_decoration_width_phone=\"70px\" first_decoration_width_last_edited=\"on|phone\" text_font=\"Header- Bom||||||||\" text_text_color=\"#887E6D\" text_font_size=\"28px\" text_line_height=\"1.3em\" text_text_color_tablet=\"#FFFFFF\" text_text_color_phone=\"#FFFFFF\" text_text_color_last_edited=\"on|phone\" locked=\"off\" ][ dipi_divider][dipi_masonry_gallery gallery_ids=\"633,634,635,636,660,1498,1497,1496,1495,1494\" columns=\"5\" image_animation=\"zoom-in\" columns_tablet=\"5\" columns_phone=\"2\" columns_last_edited=\"on|phone\" dipi_masonry_gallery][ et_pb_column][et_pb_row][et_pb_rowwidth =\"96%\" ][et_pb_code ]<iframe height=\"450\" allowfullscreen=\"\" loading=\"lazy\" referrerpolicy=\"no-referrer-when-downgrade\"><\/iframe>[\/et_pb_code][\/et_pb_column][\/et_pb_row][\/et_pb_section]<\/p>","protected":false},"excerpt":{"rendered":"<p><div class=\"et_pb_module dipi_image_gallery dipi_image_gallery_0\">\n\t\t\t\t\n\t\t\t\t\n\t\t\t\t\n\t\t\t\t\n\t\t\t\t\n\t\t\t\t\n\t\t\t\t<div class=\"et_pb_module_inner\">\n\t\t\t\t\t<div class=\"dipi-image-gallery dipi-ig-horizontal\" style=\"height:100%\">\n            <div class=\"dipi-image-gallery-top\">\n                <div class=\"swiper-container dipi-image-gallery-top_0\"   data-direction=\"horizontal\" data-navigation=\"off\" data-ordernumber=\"0\" data-animation=\"fade\" data-autoplay=\"on\" data-main_redraw_after_slide_changed=\"off\" data-pause_on_hover=\"on\" data-autoplay_delay=\"5000\" data-enable_popup=\"off\" data-popup_animation=\"none\" data-popup_animation_duration=\"500\">\n                            <div class=\"swiper-wrapper\">\n                                <div class=\"et_pb_module dipi_image_gallery_child dipi_image_gallery_child_0 swiper-slide\">\n\t\t\t\t\n\t\t\t\t\n\t\t\t\t\n\t\t\t\t\n\t\t\t\t\n\t\t\t\t\n\t\t\t\t<div class=\"et_pb_module_inner\">\n\t\t\t\t\t<div href=\"https:\/\/bomkitchen.com\/wp-content\/uploads\/2024\/08\/2.jpg\" class=\"swiper-slide-container\" role=\"figure\"  style=\"background-image:url(https:\/\/bomkitchen.com\/wp-content\/uploads\/2024\/08\/2.jpg);background-size:cover;background-repeat: no-repeat;\">\n                \n                \n            <\/div>\n\t\t\t\t<\/div>\n\t\t\t<\/div><div class=\"et_pb_module dipi_image_gallery_child dipi_image_gallery_child_1 swiper-slide\">\n\t\t\t\t\n\t\t\t\t\n\t\t\t\t\n\t\t\t\t\n\t\t\t\t\n\t\t\t\t\n\t\t\t\t<div class=\"et_pb_module_inner\">\n\t\t\t\t\t<div href=\"https:\/\/bomkitchen.com\/wp-content\/uploads\/2024\/08\/3.jpg\" class=\"swiper-slide-container\" role=\"figure\"  style=\"background-image:url(https:\/\/bomkitchen.com\/wp-content\/uploads\/2024\/08\/3.jpg);background-size:cover;background-repeat: no-repeat;\">\n                \n                \n            <\/div>\n\t\t\t\t<\/div>\n\t\t\t<\/div><div class=\"et_pb_module dipi_image_gallery_child dipi_image_gallery_child_2 swiper-slide\">\n\t\t\t\t\n\t\t\t\t\n\t\t\t\t\n\t\t\t\t\n\t\t\t\t\n\t\t\t\t\n\t\t\t\t<div class=\"et_pb_module_inner\">\n\t\t\t\t\t<div href=\"https:\/\/bomkitchen.com\/wp-content\/uploads\/2024\/08\/4.jpg\" class=\"swiper-slide-container\" role=\"figure\"  style=\"background-image:url(https:\/\/bomkitchen.com\/wp-content\/uploads\/2024\/08\/4.jpg);background-size:cover;background-repeat: no-repeat;\">\n                \n                \n            <\/div>\n\t\t\t\t<\/div>\n\t\t\t<\/div><div class=\"et_pb_module dipi_image_gallery_child dipi_image_gallery_child_3 swiper-slide\">\n\t\t\t\t\n\t\t\t\t\n\t\t\t\t\n\t\t\t\t\n\t\t\t\t\n\t\t\t\t\n\t\t\t\t<div class=\"et_pb_module_inner\">\n\t\t\t\t\t<div href=\"https:\/\/bomkitchen.com\/wp-content\/uploads\/2024\/08\/1.jpg\" class=\"swiper-slide-container\" role=\"figure\"  style=\"background-image:url(https:\/\/bomkitchen.com\/wp-content\/uploads\/2024\/08\/1.jpg);background-size:cover;background-repeat: no-repeat;\">\n                \n                \n            <\/div>\n\t\t\t\t<\/div>\n\t\t\t<\/div><div class=\"et_pb_module dipi_image_gallery_child dipi_image_gallery_child_4 swiper-slide\">\n\t\t\t\t\n\t\t\t\t\n\t\t\t\t\n\t\t\t\t\n\t\t\t\t\n\t\t\t\t\n\t\t\t\t<div class=\"et_pb_module_inner\">\n\t\t\t\t\t<div href=\"https:\/\/bomkitchen.com\/wp-content\/uploads\/2024\/08\/6.jpg\" class=\"swiper-slide-container\" role=\"figure\"  style=\"background-image:url(https:\/\/bomkitchen.com\/wp-content\/uploads\/2024\/08\/6.jpg);background-size:cover;background-repeat: no-repeat;\">\n                \n                \n            <\/div>\n\t\t\t\t<\/div>\n\t\t\t<\/div>\n                            <\/div>  \n                        <\/div>\n                        \n                <\/div> \n        <div class=\"dipi-image-gallery-thumbs\">\n            <div class=\"swiper-container dipi-image-gallery-thumbs_0 dipi-thumbs-horizontal dipi-img-thumbs-bottom\"  data-direction=\"horizontal\" data-columnsdesktop=\"4\" data-columnstablet=\"4\" data-columnsphone=\"3\" data-spacebetween=\"10\" data-spacebetween_tablet=\"10\" data-spacebetween_phone=\"10\" data-centered=\"off\" data-thumbs_loop=\"off\" data-ordernumber=\"0\" data-navigation=\"off\" data-is_tb_body=\"off\">\n                <div class=\"swiper-wrapper\">\n                    \n                <div class=\"dipi_image_gallery_child swiper-slide\">\n                    <div class=\"swiper-slide-container\" role=\"figure\" aria-labelledby=\"\" style=\"background-image:url(https:\/\/bomkitchen.com\/wp-content\/uploads\/2024\/08\/2.jpg);background-size:cover;    background-repeat: no-repeat;\"><\/div>\n                <\/div>\n                <div class=\"dipi_image_gallery_child swiper-slide\">\n                    <div class=\"swiper-slide-container\" role=\"figure\" aria-labelledby=\"\" style=\"background-image:url(https:\/\/bomkitchen.com\/wp-content\/uploads\/2024\/08\/3.jpg);background-size:cover;    background-repeat: no-repeat;\"><\/div>\n                <\/div>\n                <div class=\"dipi_image_gallery_child swiper-slide\">\n                    <div class=\"swiper-slide-container\" role=\"figure\" aria-labelledby=\"\" style=\"background-image:url(https:\/\/bomkitchen.com\/wp-content\/uploads\/2024\/08\/4.jpg);background-size:cover;    background-repeat: no-repeat;\"><\/div>\n                <\/div>\n                <div class=\"dipi_image_gallery_child swiper-slide\">\n                    <div class=\"swiper-slide-container\" role=\"figure\" aria-labelledby=\"\" style=\"background-image:url(https:\/\/bomkitchen.com\/wp-content\/uploads\/2024\/08\/1.jpg);background-size:cover;    background-repeat: no-repeat;\"><\/div>\n                <\/div>\n                <div class=\"dipi_image_gallery_child swiper-slide\">\n                    <div class=\"swiper-slide-container\" role=\"figure\" aria-labelledby=\"\" style=\"background-image:url(https:\/\/bomkitchen.com\/wp-content\/uploads\/2024\/08\/6.jpg);background-size:cover;    background-repeat: no-repeat;\"><\/div>\n                <\/div>\n                <\/div>\n            <\/div>\n        <\/div><\/div>\n\t\t\t\t<\/div>\n\t\t\t<\/div>Thu\u1ed9c h\u1ec7 th\u1ed1ng c\u00e1c nh\u00e0 h\u00e0ng c\u1ee7a B\u1eddm [&hellip;]<\/p>","protected":false},"author":1,"featured_media":0,"parent":0,"menu_order":0,"comment_status":"closed","ping_status":"open","template":"","meta":{"_et_pb_use_builder":"on","_et_pb_old_content":"<!-- wp:paragraph -->\n<p>This is an example page. It's different from a blog post because it will stay in one place and will show up in your site navigation (in most themes). Most people start with an About page that introduces them to potential site visitors. It might say something like this:<\/p>\n<!-- \/wp:paragraph -->\n\n<!-- wp:quote -->\n<blockquote class=\"wp-block-quote\"><p>Hi there! I'm a bike messenger by day, aspiring actor by night, and this is my website. I live in Los Angeles, have a great dog named Jack, and I like pi\u00f1a coladas. (And gettin' caught in the rain.)<\/p><\/blockquote>\n<!-- \/wp:quote -->\n\n<!-- wp:paragraph -->\n<p>...or something like this:<\/p>\n<!-- \/wp:paragraph -->\n\n<!-- wp:quote -->\n<blockquote class=\"wp-block-quote\"><p>The XYZ Doohickey Company was founded in 1971, and has been providing quality doohickeys to the public ever since. Located in Gotham City, XYZ employs over 2,000 people and does all kinds of awesome things for the Gotham community.<\/p><\/blockquote>\n<!-- \/wp:quote -->\n\n<!-- wp:paragraph -->\n<p>As a new WordPress user, you should go to <a href=\"https:\/\/demo.divi-pixel.com\/bistro\/wp-admin\/\">your dashboard<\/a> to delete this page and create new pages for your content. Have fun!<\/p>\n<!-- \/wp:paragraph -->","_et_gb_content_width":"","footnotes":""},"class_list":["post-506","page","type-page","status-publish","hentry"],"yoast_head":"<!-- This site is optimized with the Yoast SEO plugin v26.0 - https:\/\/yoast.com\/wordpress\/plugins\/seo\/ -->\n<title>Homepage - B\u1eddm - Hospitality<\/title>\n<meta name=\"robots\" content=\"index, follow, max-snippet:-1, max-image-preview:large, max-video-preview:-1\" \/>\n<link rel=\"canonical\" href=\"https:\/\/bomkitchen.com\/eng\/\" \/>\n<meta property=\"og:locale\" content=\"en_US\" \/>\n<meta property=\"og:type\" content=\"article\" \/>\n<meta property=\"og:title\" content=\"Homepage - B\u1eddm - Hospitality\" \/>\n<meta property=\"og:description\" content=\"Thu\u1ed9c h\u1ec7 th\u1ed1ng c\u00e1c nh\u00e0 h\u00e0ng c\u1ee7a B\u1eddm [&hellip;]\" \/>\n<meta property=\"og:url\" content=\"https:\/\/bomkitchen.com\/eng\/\" \/>\n<meta property=\"og:site_name\" content=\"B\u1eddm - Hospitality\" \/>\n<meta property=\"article:publisher\" content=\"https:\/\/www.facebook.com\/bom.kitchen.winebar\" \/>\n<meta property=\"article:modified_time\" content=\"2025-08-30T06:45:37+00:00\" \/>\n<meta name=\"twitter:card\" content=\"summary_large_image\" \/>\n<meta name=\"twitter:label1\" content=\"Est. reading time\" \/>\n\t<meta name=\"twitter:data1\" content=\"5 minutes\" \/>\n<script type=\"application\/ld+json\" class=\"yoast-schema-graph\">{\"@context\":\"https:\/\/schema.org\",\"@graph\":[{\"@type\":\"WebPage\",\"@id\":\"https:\/\/bomkitchen.com\/\",\"url\":\"https:\/\/bomkitchen.com\/\",\"name\":\"Homepage - B\u1eddm - Hospitality\",\"isPartOf\":{\"@id\":\"https:\/\/bomkitchen.com\/#website\"},\"datePublished\":\"2020-10-27T18:12:46+00:00\",\"dateModified\":\"2025-08-30T06:45:37+00:00\",\"breadcrumb\":{\"@id\":\"https:\/\/bomkitchen.com\/#breadcrumb\"},\"inLanguage\":\"en-US\",\"potentialAction\":[{\"@type\":\"ReadAction\",\"target\":[\"https:\/\/bomkitchen.com\/\"]}]},{\"@type\":\"BreadcrumbList\",\"@id\":\"https:\/\/bomkitchen.com\/#breadcrumb\",\"itemListElement\":[{\"@type\":\"ListItem\",\"position\":1,\"name\":\"Home\",\"item\":\"https:\/\/bomkitchen.com\/\"},{\"@type\":\"ListItem\",\"position\":2,\"name\":\"Homepage\"}]},{\"@type\":\"WebSite\",\"@id\":\"https:\/\/bomkitchen.com\/#website\",\"url\":\"https:\/\/bomkitchen.com\/\",\"name\":\"B\u1eddm - Hospitality\",\"description\":\"\",\"publisher\":{\"@id\":\"https:\/\/bomkitchen.com\/#organization\"},\"potentialAction\":[{\"@type\":\"SearchAction\",\"target\":{\"@type\":\"EntryPoint\",\"urlTemplate\":\"https:\/\/bomkitchen.com\/?s={search_term_string}\"},\"query-input\":{\"@type\":\"PropertyValueSpecification\",\"valueRequired\":true,\"valueName\":\"search_term_string\"}}],\"inLanguage\":\"en-US\"},{\"@type\":\"Organization\",\"@id\":\"https:\/\/bomkitchen.com\/#organization\",\"name\":\"B\u1eddm - Hospitality\",\"url\":\"https:\/\/bomkitchen.com\/\",\"logo\":{\"@type\":\"ImageObject\",\"inLanguage\":\"en-US\",\"@id\":\"https:\/\/bomkitchen.com\/#\/schema\/logo\/image\/\",\"url\":\"https:\/\/bomkitchen.com\/wp-content\/uploads\/2024\/08\/bologo2708-02.png\",\"contentUrl\":\"https:\/\/bomkitchen.com\/wp-content\/uploads\/2024\/08\/bologo2708-02.png\",\"width\":413,\"height\":159,\"caption\":\"B\u1eddm - Hospitality\"},\"image\":{\"@id\":\"https:\/\/bomkitchen.com\/#\/schema\/logo\/image\/\"},\"sameAs\":[\"https:\/\/www.facebook.com\/bom.kitchen.winebar\"]}]}<\/script>\n<!-- \/ Yoast SEO plugin. -->","yoast_head_json":{"title":"Homepage - B\u1eddm - Hospitality","robots":{"index":"index","follow":"follow","max-snippet":"max-snippet:-1","max-image-preview":"max-image-preview:large","max-video-preview":"max-video-preview:-1"},"canonical":"https:\/\/bomkitchen.com\/eng\/","og_locale":"en_US","og_type":"article","og_title":"Homepage - B\u1eddm - Hospitality","og_description":"Thu\u1ed9c h\u1ec7 th\u1ed1ng c\u00e1c nh\u00e0 h\u00e0ng c\u1ee7a B\u1eddm [&hellip;]","og_url":"https:\/\/bomkitchen.com\/eng\/","og_site_name":"B\u1eddm - Hospitality","article_publisher":"https:\/\/www.facebook.com\/bom.kitchen.winebar","article_modified_time":"2025-08-30T06:45:37+00:00","twitter_card":"summary_large_image","twitter_misc":{"Est. reading time":"5 minutes"},"schema":{"@context":"https:\/\/schema.org","@graph":[{"@type":"WebPage","@id":"https:\/\/bomkitchen.com\/","url":"https:\/\/bomkitchen.com\/","name":"Homepage - B\u1eddm - Hospitality","isPartOf":{"@id":"https:\/\/bomkitchen.com\/#website"},"datePublished":"2020-10-27T18:12:46+00:00","dateModified":"2025-08-30T06:45:37+00:00","breadcrumb":{"@id":"https:\/\/bomkitchen.com\/#breadcrumb"},"inLanguage":"en-US","potentialAction":[{"@type":"ReadAction","target":["https:\/\/bomkitchen.com\/"]}]},{"@type":"BreadcrumbList","@id":"https:\/\/bomkitchen.com\/#breadcrumb","itemListElement":[{"@type":"ListItem","position":1,"name":"Home","item":"https:\/\/bomkitchen.com\/"},{"@type":"ListItem","position":2,"name":"Homepage"}]},{"@type":"WebSite","@id":"https:\/\/bomkitchen.com\/#website","url":"https:\/\/bomkitchen.com\/","name":"B\u1eddm - Hospitality","description":"","publisher":{"@id":"https:\/\/bomkitchen.com\/#organization"},"potentialAction":[{"@type":"SearchAction","target":{"@type":"EntryPoint","urlTemplate":"https:\/\/bomkitchen.com\/?s={search_term_string}"},"query-input":{"@type":"PropertyValueSpecification","valueRequired":true,"valueName":"search_term_string"}}],"inLanguage":"en-US"},{"@type":"Organization","@id":"https:\/\/bomkitchen.com\/#organization","name":"B\u1eddm - Hospitality","url":"https:\/\/bomkitchen.com\/","logo":{"@type":"ImageObject","inLanguage":"en-US","@id":"https:\/\/bomkitchen.com\/#\/schema\/logo\/image\/","url":"https:\/\/bomkitchen.com\/wp-content\/uploads\/2024\/08\/bologo2708-02.png","contentUrl":"https:\/\/bomkitchen.com\/wp-content\/uploads\/2024\/08\/bologo2708-02.png","width":413,"height":159,"caption":"B\u1eddm - Hospitality"},"image":{"@id":"https:\/\/bomkitchen.com\/#\/schema\/logo\/image\/"},"sameAs":["https:\/\/www.facebook.com\/bom.kitchen.winebar"]}]}},"_links":{"self":[{"href":"https:\/\/bomkitchen.com\/eng\/wp-json\/wp\/v2\/pages\/506","targetHints":{"allow":["GET"]}}],"collection":[{"href":"https:\/\/bomkitchen.com\/eng\/wp-json\/wp\/v2\/pages"}],"about":[{"href":"https:\/\/bomkitchen.com\/eng\/wp-json\/wp\/v2\/types\/page"}],"author":[{"embeddable":true,"href":"https:\/\/bomkitchen.com\/eng\/wp-json\/wp\/v2\/users\/1"}],"replies":[{"embeddable":true,"href":"https:\/\/bomkitchen.com\/eng\/wp-json\/wp\/v2\/comments?post=506"}],"version-history":[{"count":177,"href":"https:\/\/bomkitchen.com\/eng\/wp-json\/wp\/v2\/pages\/506\/revisions"}],"predecessor-version":[{"id":26041229,"href":"https:\/\/bomkitchen.com\/eng\/wp-json\/wp\/v2\/pages\/506\/revisions\/26041229"}],"wp:attachment":[{"href":"https:\/\/bomkitchen.com\/eng\/wp-json\/wp\/v2\/media?parent=506"}],"curies":[{"name":"wp","href":"https:\/\/api.w.org\/{rel}","templated":true}]}}